{"id":9862,"date":"2022-05-26T09:31:01","date_gmt":"2022-05-26T09:31:01","guid":{"rendered":"https:\/\/maxcash.com\/?page_id=9862"},"modified":"2025-12-08T19:54:48","modified_gmt":"2025-12-08T19:54:48","slug":"preguntas-frecuentas","status":"publish","type":"page","link":"https:\/\/maxcash.com\/es\/preguntas-frecuentas\/","title":{"rendered":"Preguntas Frecuentes"},"content":{"rendered":"\n<p>\u00bfNo encuentra su pregunta aqu\u00ed? No dude en llamarnos al <a href=\"tel:+18334854143\">(833) 485-4143<\/a> para hablar con un procesador de pr\u00e9stamos con sede en EE. UU<\/p>\n\n\n\n<h3 class=\"wp-block-heading\">\u00bfQu\u00e9 es MaxCash.Com?<\/h3>\n\n\n\n<p>MaxCash.com es un br\u00f3ker en l\u00ednea que ayuda a los usuarios a encontrar soluciones financieras \u00f3ptimas adaptadas a sus necesidades espec\u00edficas. Con un servicio r\u00e1pido y eficiente, muchos usuarios han recibido su asistencia financiera a trav\u00e9s de Max Cash\u00ae al d\u00eda siguiente. <sup>5<\/sup><\/p>\n\n\n\n<h3 class=\"wp-block-heading\">\u00bfC\u00f3mo uso MaxCash.Com?<\/h3>\n\n\n\n<p>Para comenzar con el proceso de Max Cash\u00ae, elija el tipo de asistencia financiera que busca. A continuaci\u00f3n, complete una breve solicitud de informaci\u00f3n de Max Cash y sabr\u00e1 casi al instante si ha sido aprobado. A partir de ah\u00ed, Max Cash lo conectar\u00e1 con el prestamista que se adapte a sus necesidades, quien le proporcionar\u00e1 el pr\u00e9stamo.<\/p>\n\n\n\n<h3 class=\"wp-block-heading\">\u00bfEst\u00e1 segura mi informaci\u00f3n en MaxCash.Com?<\/h3>\n\n\n\n<p>\u00a1S\u00cd! Max Cash\u00ae cuenta con una red encriptada sofisticada que mantiene su informaci\u00f3n confidencial frente a otros usuarios, piratas inform\u00e1ticos y ladrones electr\u00f3nicos. Cuando env\u00eda su informaci\u00f3n a Max Cash.Com en l\u00ednea, esta va directamente a nuestro sistema seguro. Adem\u00e1s, Max Cash nunca vender\u00e1, distribuir\u00e1 ni revelar\u00e1 sus datos personales o informaci\u00f3n financiera.<\/p>\n\n\n\n<h3 class=\"wp-block-heading\">\u00bfEs MaxCash.Com legal?<\/h3>\n\n\n\n<p>\u00a1S\u00cd! Max Cash opera dentro de los par\u00e1metros legales de la ley constitucional de los Estados Unidos en materia de intermediaci\u00f3n financiera. Max Cash.com es una instituci\u00f3n financiera oficial con licencia legal adecuada para realizar operaciones de intermediaci\u00f3n financiera.<\/p>\n\n\n\n<h3 class=\"wp-block-heading\">\u00bfQu\u00e9 productos ofrece MaxCash.com?<\/h3>\n\n\n\n<p>Max Cash ofrece servicios de intermediaci\u00f3n r\u00e1pidos y convenientes para los siguientes productos:<\/p>\n\n\n\n<ul class=\"wp-block-list\">\n<li><a href=\"\/es\/prestamos-personales\/\">PRESTAMOS PERSONALES<\/a><\/li>\n\n\n\n<li><a href=\"\/es\/prestamos-a-plazos\/\">PR\u00c9STAMOS A PLAZOS<\/a><\/li>\n\n\n\n<li><a href=\"\/es\/prestamos-de-dia-de-pago\/\">PR\u00c9STAMOS DE D\u00cdA DE PAGO<\/a><\/li>\n\n\n\n<li><a href=\"\/es\/prestamos-sobre-el-titulo\/\">PR\u00c9STAMOS SOBRE T\u00cdTULO<\/a><\/li>\n\n\n\n<li><a href=\"\/es\/prestamos-de-emergencia\/\"><\/a><a href=\"\/es\/prestamos-de-emergencia\/\" target=\"_blank\" rel=\"noreferrer noopener\">PR\u00c9STAMOS DE EMERGENCIA<\/a><\/li>\n\n\n\n<li><a href=\"\/es\/antilipo-de-efectivo\/\">ANTILIPO DE EFECTIVO<\/a><\/li>\n\n\n\n<li><a href=\"https:\/\/maxcash.com\/car-financing\/\">FINANCIACI\u00d3N DE AUTOM\u00d3VILES<\/a><\/li>\n\n\n\n<li><a href=\"https:\/\/maxcash.com\/credit-cards\/\">TARJETAS DE CR\u00c9DITO<\/a><\/li>\n\n\n\n<li><a href=\"\/auto-insurance\/\" target=\"_blank\" rel=\"noreferrer noopener\">SEGURO DE AUTOM\u00d3VIL<\/a><\/li>\n<\/ul>\n\n\n\n<h3 class=\"wp-block-heading\">\u00bfC\u00f3mo gana dinero MaxCash.Com?<\/h3>\n\n\n\n<p>\u00a1Max Cash\u00ae no genera dinero hasta que usted lo genere! Trabajamos con muchos socios prestamistas de buena reputaci\u00f3n para satisfacer sus necesidades primero. Cuando encontramos clientes que satisfacen sus necesidades y las suyas, \u00a1nos pagan para ayudarlo! \u00a1No necesitamos su dinero, solo queremos ayudarlo a encontrar soluciones a sus problemas financieros!<\/p>\n\n\n\n<h3 class=\"wp-block-heading\">\u00bfMaxCash.com cobra una tarifa de solicitud?<\/h3>\n\n\n\n<p>\u00a1NO! Max Cash\u00ae le permite solicitar ayuda financiera a trav\u00e9s de varios productos, de forma totalmente gratuita. Max Cash no est\u00e1 obligado a dirigirlo hacia ning\u00fan prestamista en particular, por lo que nos aseguramos de conectarlo con la mejor oferta posible. <sup>5<\/sup><\/p>\n\n\n\n<h3 class=\"wp-block-heading\">\u00bfExisten obligaciones al utilizar un Broker para los productos ofrecidos en MaxCash.com?<\/h3>\n\n\n\n<p>\u00a1NO! Max Cash no continuar\u00e1 con el proceso hasta que usted se sienta c\u00f3modo. Incluso despu\u00e9s de haber enviado su informaci\u00f3n, usted tiene la libertad de elegir no continuar si, por cualquier motivo, ya no necesita asistencia financiera.<\/p>\n\n\n\n<h3 class=\"wp-block-heading\">\u00bfQu\u00e9 documentos necesito?<\/h3>\n\n\n\n<p>Cuando se comunique con su prestamista directo, este le informar\u00e1 sobre toda la documentaci\u00f3n necesaria para tramitar su pr\u00e9stamo. Algunos ejemplos de documentos que suelen solicitar los prestamistas son:<\/p>\n\n\n\n<ul class=\"wp-block-list\">\n<li>IDENTIFICACI\u00d3N CON FOTO EMITIDA POR EL GOBIERNO<\/li>\n\n\n\n<li>PRUEBA DE RESIDENCIA<\/li>\n\n\n\n<li>COMPROBANTE DE INGRESOS<\/li>\n\n\n\n<li>REFERENCIAS<\/li>\n<\/ul>\n\n\n\n<h3 class=\"wp-block-heading\">\u00bfPor qu\u00e9 necesitan los \u00faltimos cuatro d\u00edgitos de mi n\u00famero de Seguro Social?<\/h3>\n\n\n\n<p>Durante el proceso de consulta inicial para algunos productos de pr\u00e9stamo, es posible que se le solicite que proporcione los \u00faltimos cuatro d\u00edgitos de su n\u00famero de Seguro Social para ayudar a verificar su identidad. Solo solicitamos esta informaci\u00f3n limitada para proteger su privacidad y tomamos medidas estrictas para salvaguardar todos los datos personales que nos proporciona.<\/p>\n\n\n\n<h3 class=\"wp-block-heading\">\u00bfPuedo obtener un pr\u00e9stamo el domingo?<\/h3>\n\n\n\n<p>\u00a1S\u00cd! Max Cash\u00ae est\u00e1 abierto todos los d\u00edas, incluso los domingos . Muchos de los prestamistas excepcionales de su red oficial tambi\u00e9n tienen horario de atenci\u00f3n y prestan servicios los domingos.<\/p>\n\n\n\n<p>Si bien no podemos garantizar que el prestamista con el que est\u00e1 conectado est\u00e9 abierto el domingo, es una posibilidad segura. Recuerde que siempre puede trabajar con Max Cash cualquier d\u00eda de la semana.<\/p>\n\n\n\n<h3 class=\"wp-block-heading\">\u00bfPuede usted contactar a su prestamista directo si utiliza un corredor?<\/h3>\n\n\n\n<p>\u00a1S\u00cd! Cuando reciba la aprobaci\u00f3n a trav\u00e9s de Max Cash\u00ae, lo conectaremos con el prestamista m\u00e1s calificado disponible. 5 Desde all\u00ed, puede trabajar directamente con su prestamista y comunicarse con \u00e9l por su cuenta si lo desea.<\/p>\n\n\n\n<h3 class=\"wp-block-heading\">\u00bfEn qu\u00e9 estados presta servicio Max Cash?<\/h3>\n\n\n\n<p>Los productos y servicios de Max Cash\u00ae est\u00e1n disponibles en todo Estados Unidos, pero las leyes particulares de pr\u00e9stamos y corretaje que Max Cash debe respetar var\u00edan de un estado a otro. Consulte las leyes locales para ver si el producto que est\u00e1 buscando a trav\u00e9s de Max Cash est\u00e1 permitido en su estado.<\/p>\n\n\n\n<h3 class=\"wp-block-heading\">\u00bfD\u00f3nde puedo encontrar el concurso en l\u00ednea?<\/h3>\n\n\n\n<p>El formulario de concurso en l\u00ednea se encuentra en nuestra p\u00e1gina de inicio. Si hace clic en la imagen del concurso en la p\u00e1gina de inicio, accede directamente a nuestra p\u00e1gina de concursos. Tambi\u00e9n puede visitar maxcash.com\/contests\/ , donde encontrar\u00e1 detalles sobre el concurso y el formulario de participaci\u00f3n.<\/p>\n\n\n\n<h3 class=\"wp-block-heading\">\u00bfC\u00f3mo participo en el concurso?<\/h3>\n\n\n\n<p>\u00a1Participar en el concurso puede ser muy f\u00e1cil! Despu\u00e9s de visitar nuestra p\u00e1gina de inicio, busque la imagen del concurso y haga clic en el enlace que se proporciona para acceder al formulario del concurso.<\/p>\n\n\n\n<h3 class=\"wp-block-heading\">\u00bfQu\u00e9 necesito presentar para el concurso?<\/h3>\n\n\n\n<p>Los requisitos de env\u00edo var\u00edan para cada concurso. Aseg\u00farate de leer atentamente las instrucciones proporcionadas en el formulario de env\u00edo correspondiente para comprender lo que necesitar\u00e1s para enviar una obra. Es posible que se te pida que env\u00edes fotos, videos, ensayos breves u otro contenido creativo.<\/p>\n\n\n\n<h3 class=\"wp-block-heading\">\u00bfHay alguna tarifa para participar en el concurso?<\/h3>\n\n\n\n<p>No, la participaci\u00f3n en nuestros concursos es totalmente gratuita. Creemos en brindar a todos las mismas oportunidades para mostrar su talento y creatividad.<\/p>\n\n\n\n<h3 class=\"wp-block-heading\">\u00bfPuedo enviar varias entradas?<\/h3>\n\n\n\n<p>Seg\u00fan las reglas del concurso, es posible que puedas enviar varias participaciones. Consulta las pautas mencionadas en el formulario de participaci\u00f3n del concurso correspondiente para obtener m\u00e1s informaci\u00f3n.<\/p>\n\n\n\n<h3 class=\"wp-block-heading\">\u00bfExiste alguna restricci\u00f3n de edad para entrar?<\/h3>\n\n\n\n<p>\u00a1S\u00ed! Debes ser residente legal de los Estados Unidos y tener al menos dieciocho (18) a\u00f1os de edad al momento de participar. Nuestros concursos est\u00e1n sujetos a leyes y reglamentos federales, estatales y locales.<\/p>\n\n\n\n<h3 class=\"wp-block-heading\">\u00bfC\u00f3mo se elegir\u00e1n los ganadores?<\/h3>\n\n\n\n<p>Los criterios para seleccionar a los ganadores se detallar\u00e1n en las reglas del concurso. Dependiendo de las circunstancias, el ganador podr\u00e1 ser elegido por un panel de jueces o mediante votaci\u00f3n p\u00fablica. Por lo general, los ganadores ser\u00e1n juzgados por su creatividad y originalidad. Los ganadores se anunciar\u00e1n de acuerdo con el cronograma mencionado en los detalles del concurso.<\/p>\n\n\n\n<h3 class=\"wp-block-heading\">\u00bfQu\u00e9 gano si soy seleccionado?<\/h3>\n\n\n\n<p>Los premios del concurso se detallar\u00e1n en los detalles del concurso. Los ganadores pueden recibir premios en efectivo, tarjetas de regalo, mercader\u00eda u otras recompensas interesantes.<\/p>\n\n\n\n<h3 class=\"wp-block-heading\">\u00bfCu\u00e1ndo se anunciar\u00e1n los ganadores?<\/h3>\n\n\n\n<p>La fecha de anuncio de los ganadores se indicar\u00e1 en las bases del concurso. Por lo general, los ganadores se anuncian poco despu\u00e9s de que finaliza el per\u00edodo de presentaci\u00f3n de candidaturas al concurso.<\/p>\n\n\n\n<h3 class=\"wp-block-heading\">\u00bfC\u00f3mo sabr\u00e9 si he ganado?<\/h3>\n\n\n\n<p>Los ganadores ser\u00e1n notificados a trav\u00e9s de la informaci\u00f3n proporcionada al momento de su env\u00edo. Est\u00e9 atento a nuestro sitio web y canales de redes sociales para obtener actualizaciones, \u00a1y aseg\u00farese de revisar su correo electr\u00f3nico con frecuencia!<\/p>\n","protected":false},"excerpt":{"rendered":"<p>\u00bfNo encuentra su pregunta aqu\u00ed? No dude en llamarnos al (833) 485-4143 para hablar con un procesador de pr\u00e9stamos con sede en EE. UU \u00bfQu\u00e9 es MaxCash.Com? MaxCash.com es un br\u00f3ker en l\u00ednea que ayuda a los usuarios a encontrar soluciones financieras \u00f3ptimas adaptadas a sus necesidades espec\u00edficas. Con un servicio r\u00e1pido y eficiente, muchos&hellip; <a class=\"more-link\" href=\"https:\/\/maxcash.com\/es\/preguntas-frecuentas\/\">Seguir leyendo <span class=\"screen-reader-text\">Preguntas Frecuentes<\/span><\/a><\/p>\n","protected":false},"author":1,"featured_media":0,"parent":0,"menu_order":0,"comment_status":"closed","ping_status":"closed","template":"","meta":{"_acf_changed":false,"inline_featured_image":false,"footnotes":""},"class_list":["post-9862","page","type-page","status-publish","hentry","entry"],"acf":[],"yoast_head":"<!-- This site is optimized with the Yoast SEO plugin v27.4 - https:\/\/yoast.com\/product\/yoast-seo-wordpress\/ -->\n<title>Preguntas Frecuentes - Max Cash\u00ae<\/title>\n<meta name=\"description\" content=\"\u00bfNo encuentra su pregunta aqu\u00ed? No dude en llamarnos al (833) 485-4143 para hablar con un agente de pr\u00e9stamos con sede en EE. UU \u00bfQu\u00e9 es MaxCash.Com? MaxCash.com es un corredor financiero en l\u00ednea que ayuda a los usuarios a encontrar soluciones de dinero, \u00f3ptimas y adaptadas a sus necesidades espec\u00edficas con un servicio r\u00e1pido y eficiente.\" \/>\n<meta name=\"robots\" content=\"index, follow, max-snippet:-1, max-image-preview:large, max-video-preview:-1\" \/>\n<link rel=\"canonical\" href=\"https:\/\/maxcash.com\/es\/preguntas-frecuentas\/\" \/>\n<meta property=\"og:locale\" content=\"es_ES\" \/>\n<meta property=\"og:type\" content=\"article\" \/>\n<meta property=\"og:title\" content=\"Preguntas Frecuentes - Max Cash\u00ae\" \/>\n<meta property=\"og:description\" content=\"\u00bfNo encuentra su pregunta aqu\u00ed? No dude en llamarnos al (833) 485-4143 para hablar con un agente de pr\u00e9stamos con sede en EE. UU \u00bfQu\u00e9 es MaxCash.Com? MaxCash.com es un corredor financiero en l\u00ednea que ayuda a los usuarios a encontrar soluciones de dinero, \u00f3ptimas y adaptadas a sus necesidades espec\u00edficas con un servicio r\u00e1pido y eficiente.\" \/>\n<meta property=\"og:url\" content=\"https:\/\/maxcash.com\/es\/preguntas-frecuentas\/\" \/>\n<meta property=\"og:site_name\" content=\"Max Cash&reg;\" \/>\n<meta property=\"article:modified_time\" content=\"2025-12-08T19:54:48+00:00\" \/>\n<meta name=\"twitter:card\" content=\"summary_large_image\" \/>\n<meta name=\"twitter:label1\" content=\"Tiempo de lectura\" \/>\n\t<meta name=\"twitter:data1\" content=\"6 minutos\" \/>\n<script type=\"application\/ld+json\" class=\"yoast-schema-graph\">{\"@context\":\"https:\\\/\\\/schema.org\",\"@graph\":[{\"@type\":\"WebPage\",\"@id\":\"https:\\\/\\\/maxcash.com\\\/es\\\/preguntas-frecuentas\\\/\",\"url\":\"https:\\\/\\\/maxcash.com\\\/es\\\/preguntas-frecuentas\\\/\",\"name\":\"Preguntas Frecuentes - Max Cash\u00ae\",\"isPartOf\":{\"@id\":\"https:\\\/\\\/maxcash.com\\\/es\\\/#website\"},\"datePublished\":\"2022-05-26T09:31:01+00:00\",\"dateModified\":\"2025-12-08T19:54:48+00:00\",\"description\":\"\u00bfNo encuentra su pregunta aqu\u00ed? No dude en llamarnos al (833) 485-4143 para hablar con un agente de pr\u00e9stamos con sede en EE. UU \u00bfQu\u00e9 es MaxCash.Com? MaxCash.com es un corredor financiero en l\u00ednea que ayuda a los usuarios a encontrar soluciones de dinero, \u00f3ptimas y adaptadas a sus necesidades espec\u00edficas con un servicio r\u00e1pido y eficiente.\",\"breadcrumb\":{\"@id\":\"https:\\\/\\\/maxcash.com\\\/es\\\/preguntas-frecuentas\\\/#breadcrumb\"},\"inLanguage\":\"es\",\"potentialAction\":[{\"@type\":\"ReadAction\",\"target\":[\"https:\\\/\\\/maxcash.com\\\/es\\\/preguntas-frecuentas\\\/\"]}]},{\"@type\":\"BreadcrumbList\",\"@id\":\"https:\\\/\\\/maxcash.com\\\/es\\\/preguntas-frecuentas\\\/#breadcrumb\",\"itemListElement\":[{\"@type\":\"ListItem\",\"position\":1,\"name\":\"Home\",\"item\":\"https:\\\/\\\/maxcash.com\\\/es\\\/\"},{\"@type\":\"ListItem\",\"position\":2,\"name\":\"Preguntas Frecuentes\"}]},{\"@type\":\"WebSite\",\"@id\":\"https:\\\/\\\/maxcash.com\\\/es\\\/#website\",\"url\":\"https:\\\/\\\/maxcash.com\\\/es\\\/\",\"name\":\"Max Cash&reg;\",\"description\":\"\",\"publisher\":{\"@id\":\"https:\\\/\\\/maxcash.com\\\/es\\\/#organization\"},\"alternateName\":\"Max Cash\",\"potentialAction\":[{\"@type\":\"SearchAction\",\"target\":{\"@type\":\"EntryPoint\",\"urlTemplate\":\"https:\\\/\\\/maxcash.com\\\/es\\\/?s={search_term_string}\"},\"query-input\":{\"@type\":\"PropertyValueSpecification\",\"valueRequired\":true,\"valueName\":\"search_term_string\"}}],\"inLanguage\":\"es\"},{\"@type\":\"Organization\",\"@id\":\"https:\\\/\\\/maxcash.com\\\/es\\\/#organization\",\"name\":\"Max Cash&reg;\",\"alternateName\":\"Max Cash\",\"url\":\"https:\\\/\\\/maxcash.com\\\/es\\\/\",\"logo\":{\"@type\":\"ImageObject\",\"inLanguage\":\"es\",\"@id\":\"https:\\\/\\\/maxcash.com\\\/es\\\/#\\\/schema\\\/logo\\\/image\\\/\",\"url\":\"https:\\\/\\\/maxcash.com\\\/wp-content\\\/uploads\\\/2022\\\/09\\\/MaxCash_logo.png\",\"contentUrl\":\"https:\\\/\\\/maxcash.com\\\/wp-content\\\/uploads\\\/2022\\\/09\\\/MaxCash_logo.png\",\"width\":4281,\"height\":785,\"caption\":\"Max Cash&reg;\"},\"image\":{\"@id\":\"https:\\\/\\\/maxcash.com\\\/es\\\/#\\\/schema\\\/logo\\\/image\\\/\"}}]}<\/script>\n<!-- \/ Yoast SEO plugin. -->","yoast_head_json":{"title":"Preguntas Frecuentes - Max Cash\u00ae","description":"\u00bfNo encuentra su pregunta aqu\u00ed? No dude en llamarnos al (833) 485-4143 para hablar con un agente de pr\u00e9stamos con sede en EE. UU \u00bfQu\u00e9 es MaxCash.Com? MaxCash.com es un corredor financiero en l\u00ednea que ayuda a los usuarios a encontrar soluciones de dinero, \u00f3ptimas y adaptadas a sus necesidades espec\u00edficas con un servicio r\u00e1pido y eficiente.","robots":{"index":"index","follow":"follow","max-snippet":"max-snippet:-1","max-image-preview":"max-image-preview:large","max-video-preview":"max-video-preview:-1"},"canonical":"https:\/\/maxcash.com\/es\/preguntas-frecuentas\/","og_locale":"es_ES","og_type":"article","og_title":"Preguntas Frecuentes - Max Cash\u00ae","og_description":"\u00bfNo encuentra su pregunta aqu\u00ed? No dude en llamarnos al (833) 485-4143 para hablar con un agente de pr\u00e9stamos con sede en EE. UU \u00bfQu\u00e9 es MaxCash.Com? MaxCash.com es un corredor financiero en l\u00ednea que ayuda a los usuarios a encontrar soluciones de dinero, \u00f3ptimas y adaptadas a sus necesidades espec\u00edficas con un servicio r\u00e1pido y eficiente.","og_url":"https:\/\/maxcash.com\/es\/preguntas-frecuentas\/","og_site_name":"Max Cash&reg;","article_modified_time":"2025-12-08T19:54:48+00:00","twitter_card":"summary_large_image","twitter_misc":{"Tiempo de lectura":"6 minutos"},"schema":{"@context":"https:\/\/schema.org","@graph":[{"@type":"WebPage","@id":"https:\/\/maxcash.com\/es\/preguntas-frecuentas\/","url":"https:\/\/maxcash.com\/es\/preguntas-frecuentas\/","name":"Preguntas Frecuentes - Max Cash\u00ae","isPartOf":{"@id":"https:\/\/maxcash.com\/es\/#website"},"datePublished":"2022-05-26T09:31:01+00:00","dateModified":"2025-12-08T19:54:48+00:00","description":"\u00bfNo encuentra su pregunta aqu\u00ed? No dude en llamarnos al (833) 485-4143 para hablar con un agente de pr\u00e9stamos con sede en EE. UU \u00bfQu\u00e9 es MaxCash.Com? MaxCash.com es un corredor financiero en l\u00ednea que ayuda a los usuarios a encontrar soluciones de dinero, \u00f3ptimas y adaptadas a sus necesidades espec\u00edficas con un servicio r\u00e1pido y eficiente.","breadcrumb":{"@id":"https:\/\/maxcash.com\/es\/preguntas-frecuentas\/#breadcrumb"},"inLanguage":"es","potentialAction":[{"@type":"ReadAction","target":["https:\/\/maxcash.com\/es\/preguntas-frecuentas\/"]}]},{"@type":"BreadcrumbList","@id":"https:\/\/maxcash.com\/es\/preguntas-frecuentas\/#breadcrumb","itemListElement":[{"@type":"ListItem","position":1,"name":"Home","item":"https:\/\/maxcash.com\/es\/"},{"@type":"ListItem","position":2,"name":"Preguntas Frecuentes"}]},{"@type":"WebSite","@id":"https:\/\/maxcash.com\/es\/#website","url":"https:\/\/maxcash.com\/es\/","name":"Max Cash&reg;","description":"","publisher":{"@id":"https:\/\/maxcash.com\/es\/#organization"},"alternateName":"Max Cash","potentialAction":[{"@type":"SearchAction","target":{"@type":"EntryPoint","urlTemplate":"https:\/\/maxcash.com\/es\/?s={search_term_string}"},"query-input":{"@type":"PropertyValueSpecification","valueRequired":true,"valueName":"search_term_string"}}],"inLanguage":"es"},{"@type":"Organization","@id":"https:\/\/maxcash.com\/es\/#organization","name":"Max Cash&reg;","alternateName":"Max Cash","url":"https:\/\/maxcash.com\/es\/","logo":{"@type":"ImageObject","inLanguage":"es","@id":"https:\/\/maxcash.com\/es\/#\/schema\/logo\/image\/","url":"https:\/\/maxcash.com\/wp-content\/uploads\/2022\/09\/MaxCash_logo.png","contentUrl":"https:\/\/maxcash.com\/wp-content\/uploads\/2022\/09\/MaxCash_logo.png","width":4281,"height":785,"caption":"Max Cash&reg;"},"image":{"@id":"https:\/\/maxcash.com\/es\/#\/schema\/logo\/image\/"}}]}},"_links":{"self":[{"href":"https:\/\/maxcash.com\/es\/wp-json\/wp\/v2\/pages\/9862","targetHints":{"allow":["GET"]}}],"collection":[{"href":"https:\/\/maxcash.com\/es\/wp-json\/wp\/v2\/pages"}],"about":[{"href":"https:\/\/maxcash.com\/es\/wp-json\/wp\/v2\/types\/page"}],"author":[{"embeddable":true,"href":"https:\/\/maxcash.com\/es\/wp-json\/wp\/v2\/users\/1"}],"replies":[{"embeddable":true,"href":"https:\/\/maxcash.com\/es\/wp-json\/wp\/v2\/comments?post=9862"}],"version-history":[{"count":1,"href":"https:\/\/maxcash.com\/es\/wp-json\/wp\/v2\/pages\/9862\/revisions"}],"predecessor-version":[{"id":12493,"href":"https:\/\/maxcash.com\/es\/wp-json\/wp\/v2\/pages\/9862\/revisions\/12493"}],"wp:attachment":[{"href":"https:\/\/maxcash.com\/es\/wp-json\/wp\/v2\/media?parent=9862"}],"curies":[{"name":"wp","href":"https:\/\/api.w.org\/{rel}","templated":true}]}}