{"id":9634,"date":"2022-05-26T09:01:39","date_gmt":"2022-05-26T09:01:39","guid":{"rendered":"https:\/\/maxcash.com\/?page_id=9634"},"modified":"2025-03-28T18:49:21","modified_gmt":"2025-03-28T18:49:21","slug":"es","status":"publish","type":"page","link":"https:\/\/maxcash.com\/es\/","title":{"rendered":"HomePage &#8211; ES"},"content":{"rendered":"","protected":false},"excerpt":{"rendered":"","protected":false},"author":1,"featured_media":8495,"parent":0,"menu_order":0,"comment_status":"closed","ping_status":"closed","template":"","meta":{"_acf_changed":false,"inline_featured_image":false,"footnotes":""},"class_list":["post-9634","page","type-page","status-publish","has-post-thumbnail","hentry","entry"],"acf":[],"yoast_head":"<!-- This site is optimized with the Yoast SEO plugin v27.4 - https:\/\/yoast.com\/product\/yoast-seo-wordpress\/ -->\n<title>Pr\u00e9stamos personales, pr\u00e9stamos a plazos y pr\u00e9stamos sobre el t\u00edtulo de auto en minutos - Max Cash\u00ae<\/title>\n<meta name=\"description\" content=\"Ayudando a las personas a obtener pr\u00e9stamos desde 2010. Max Cash\u00ae es un corredor financiero que conecta a los usuarios con la asistencia financiera m\u00e1s calificada.\" \/>\n<meta name=\"robots\" content=\"index, follow, max-snippet:-1, max-image-preview:large, max-video-preview:-1\" \/>\n<link rel=\"canonical\" href=\"https:\/\/maxcash.com\/es\/\" \/>\n<meta property=\"og:locale\" content=\"es_ES\" \/>\n<meta property=\"og:type\" content=\"article\" \/>\n<meta property=\"og:title\" content=\"Pr\u00e9stamos personales, pr\u00e9stamos a plazos y pr\u00e9stamos sobre el t\u00edtulo de auto en minutos - Max Cash\u00ae\" \/>\n<meta property=\"og:description\" content=\"Ayudando a las personas a obtener pr\u00e9stamos desde 2010. Max Cash\u00ae es un corredor financiero que conecta a los usuarios con la asistencia financiera m\u00e1s calificada.\" \/>\n<meta property=\"og:url\" content=\"https:\/\/maxcash.com\/es\/\" \/>\n<meta property=\"og:site_name\" content=\"Max Cash&reg;\" \/>\n<meta property=\"article:modified_time\" content=\"2025-03-28T18:49:21+00:00\" \/>\n<meta property=\"og:image\" content=\"https:\/\/maxcash.com\/wp-content\/uploads\/2022\/09\/MaxCash_logo.png\" \/>\n\t<meta property=\"og:image:width\" content=\"4281\" \/>\n\t<meta property=\"og:image:height\" content=\"785\" \/>\n\t<meta property=\"og:image:type\" content=\"image\/png\" \/>\n<meta name=\"twitter:card\" content=\"summary_large_image\" \/>\n<meta name=\"twitter:label1\" content=\"Tiempo de lectura\" \/>\n\t<meta name=\"twitter:data1\" content=\"1 minuto\" \/>\n<script type=\"application\/ld+json\" class=\"yoast-schema-graph\">{\"@context\":\"https:\\\/\\\/schema.org\",\"@graph\":[{\"@type\":\"WebPage\",\"@id\":\"https:\\\/\\\/maxcash.com\\\/es\\\/\",\"url\":\"https:\\\/\\\/maxcash.com\\\/es\\\/\",\"name\":\"Pr\u00e9stamos personales, pr\u00e9stamos a plazos y pr\u00e9stamos sobre el t\u00edtulo de auto en minutos - Max Cash\u00ae\",\"isPartOf\":{\"@id\":\"https:\\\/\\\/maxcash.com\\\/es\\\/#website\"},\"primaryImageOfPage\":{\"@id\":\"https:\\\/\\\/maxcash.com\\\/es\\\/#primaryimage\"},\"image\":{\"@id\":\"https:\\\/\\\/maxcash.com\\\/es\\\/#primaryimage\"},\"thumbnailUrl\":\"https:\\\/\\\/maxcash.com\\\/wp-content\\\/uploads\\\/2022\\\/09\\\/MaxCash_logo.png\",\"datePublished\":\"2022-05-26T09:01:39+00:00\",\"dateModified\":\"2025-03-28T18:49:21+00:00\",\"description\":\"Ayudando a las personas a obtener pr\u00e9stamos desde 2010. Max Cash\u00ae es un corredor financiero que conecta a los usuarios con la asistencia financiera m\u00e1s calificada.\",\"breadcrumb\":{\"@id\":\"https:\\\/\\\/maxcash.com\\\/es\\\/#breadcrumb\"},\"inLanguage\":\"es\",\"potentialAction\":[{\"@type\":\"ReadAction\",\"target\":[\"https:\\\/\\\/maxcash.com\\\/es\\\/\"]}]},{\"@type\":\"ImageObject\",\"inLanguage\":\"es\",\"@id\":\"https:\\\/\\\/maxcash.com\\\/es\\\/#primaryimage\",\"url\":\"https:\\\/\\\/maxcash.com\\\/wp-content\\\/uploads\\\/2022\\\/09\\\/MaxCash_logo.png\",\"contentUrl\":\"https:\\\/\\\/maxcash.com\\\/wp-content\\\/uploads\\\/2022\\\/09\\\/MaxCash_logo.png\",\"width\":4281,\"height\":785},{\"@type\":\"BreadcrumbList\",\"@id\":\"https:\\\/\\\/maxcash.com\\\/es\\\/#breadcrumb\",\"itemListElement\":[{\"@type\":\"ListItem\",\"position\":1,\"name\":\"Home\",\"item\":\"https:\\\/\\\/maxcash.com\\\/es\\\/\"},{\"@type\":\"ListItem\",\"position\":2,\"name\":\"HomePage &#8211; ES\"}]},{\"@type\":\"WebSite\",\"@id\":\"https:\\\/\\\/maxcash.com\\\/es\\\/#website\",\"url\":\"https:\\\/\\\/maxcash.com\\\/es\\\/\",\"name\":\"Max Cash&reg;\",\"description\":\"\",\"publisher\":{\"@id\":\"https:\\\/\\\/maxcash.com\\\/es\\\/#organization\"},\"alternateName\":\"Max Cash\",\"potentialAction\":[{\"@type\":\"SearchAction\",\"target\":{\"@type\":\"EntryPoint\",\"urlTemplate\":\"https:\\\/\\\/maxcash.com\\\/es\\\/?s={search_term_string}\"},\"query-input\":{\"@type\":\"PropertyValueSpecification\",\"valueRequired\":true,\"valueName\":\"search_term_string\"}}],\"inLanguage\":\"es\"},{\"@type\":\"Organization\",\"@id\":\"https:\\\/\\\/maxcash.com\\\/es\\\/#organization\",\"name\":\"Max Cash&reg;\",\"alternateName\":\"Max Cash\",\"url\":\"https:\\\/\\\/maxcash.com\\\/es\\\/\",\"logo\":{\"@type\":\"ImageObject\",\"inLanguage\":\"es\",\"@id\":\"https:\\\/\\\/maxcash.com\\\/es\\\/#\\\/schema\\\/logo\\\/image\\\/\",\"url\":\"https:\\\/\\\/maxcash.com\\\/wp-content\\\/uploads\\\/2022\\\/09\\\/MaxCash_logo.png\",\"contentUrl\":\"https:\\\/\\\/maxcash.com\\\/wp-content\\\/uploads\\\/2022\\\/09\\\/MaxCash_logo.png\",\"width\":4281,\"height\":785,\"caption\":\"Max Cash&reg;\"},\"image\":{\"@id\":\"https:\\\/\\\/maxcash.com\\\/es\\\/#\\\/schema\\\/logo\\\/image\\\/\"}}]}<\/script>\n<!-- \/ Yoast SEO plugin. -->","yoast_head_json":{"title":"Pr\u00e9stamos personales, pr\u00e9stamos a plazos y pr\u00e9stamos sobre el t\u00edtulo de auto en minutos - Max Cash\u00ae","description":"Ayudando a las personas a obtener pr\u00e9stamos desde 2010. Max Cash\u00ae es un corredor financiero que conecta a los usuarios con la asistencia financiera m\u00e1s calificada.","robots":{"index":"index","follow":"follow","max-snippet":"max-snippet:-1","max-image-preview":"max-image-preview:large","max-video-preview":"max-video-preview:-1"},"canonical":"https:\/\/maxcash.com\/es\/","og_locale":"es_ES","og_type":"article","og_title":"Pr\u00e9stamos personales, pr\u00e9stamos a plazos y pr\u00e9stamos sobre el t\u00edtulo de auto en minutos - Max Cash\u00ae","og_description":"Ayudando a las personas a obtener pr\u00e9stamos desde 2010. Max Cash\u00ae es un corredor financiero que conecta a los usuarios con la asistencia financiera m\u00e1s calificada.","og_url":"https:\/\/maxcash.com\/es\/","og_site_name":"Max Cash&reg;","article_modified_time":"2025-03-28T18:49:21+00:00","og_image":[{"width":4281,"height":785,"url":"https:\/\/maxcash.com\/wp-content\/uploads\/2022\/09\/MaxCash_logo.png","type":"image\/png"}],"twitter_card":"summary_large_image","twitter_misc":{"Tiempo de lectura":"1 minuto"},"schema":{"@context":"https:\/\/schema.org","@graph":[{"@type":"WebPage","@id":"https:\/\/maxcash.com\/es\/","url":"https:\/\/maxcash.com\/es\/","name":"Pr\u00e9stamos personales, pr\u00e9stamos a plazos y pr\u00e9stamos sobre el t\u00edtulo de auto en minutos - Max Cash\u00ae","isPartOf":{"@id":"https:\/\/maxcash.com\/es\/#website"},"primaryImageOfPage":{"@id":"https:\/\/maxcash.com\/es\/#primaryimage"},"image":{"@id":"https:\/\/maxcash.com\/es\/#primaryimage"},"thumbnailUrl":"https:\/\/maxcash.com\/wp-content\/uploads\/2022\/09\/MaxCash_logo.png","datePublished":"2022-05-26T09:01:39+00:00","dateModified":"2025-03-28T18:49:21+00:00","description":"Ayudando a las personas a obtener pr\u00e9stamos desde 2010. Max Cash\u00ae es un corredor financiero que conecta a los usuarios con la asistencia financiera m\u00e1s calificada.","breadcrumb":{"@id":"https:\/\/maxcash.com\/es\/#breadcrumb"},"inLanguage":"es","potentialAction":[{"@type":"ReadAction","target":["https:\/\/maxcash.com\/es\/"]}]},{"@type":"ImageObject","inLanguage":"es","@id":"https:\/\/maxcash.com\/es\/#primaryimage","url":"https:\/\/maxcash.com\/wp-content\/uploads\/2022\/09\/MaxCash_logo.png","contentUrl":"https:\/\/maxcash.com\/wp-content\/uploads\/2022\/09\/MaxCash_logo.png","width":4281,"height":785},{"@type":"BreadcrumbList","@id":"https:\/\/maxcash.com\/es\/#breadcrumb","itemListElement":[{"@type":"ListItem","position":1,"name":"Home","item":"https:\/\/maxcash.com\/es\/"},{"@type":"ListItem","position":2,"name":"HomePage &#8211; ES"}]},{"@type":"WebSite","@id":"https:\/\/maxcash.com\/es\/#website","url":"https:\/\/maxcash.com\/es\/","name":"Max Cash&reg;","description":"","publisher":{"@id":"https:\/\/maxcash.com\/es\/#organization"},"alternateName":"Max Cash","potentialAction":[{"@type":"SearchAction","target":{"@type":"EntryPoint","urlTemplate":"https:\/\/maxcash.com\/es\/?s={search_term_string}"},"query-input":{"@type":"PropertyValueSpecification","valueRequired":true,"valueName":"search_term_string"}}],"inLanguage":"es"},{"@type":"Organization","@id":"https:\/\/maxcash.com\/es\/#organization","name":"Max Cash&reg;","alternateName":"Max Cash","url":"https:\/\/maxcash.com\/es\/","logo":{"@type":"ImageObject","inLanguage":"es","@id":"https:\/\/maxcash.com\/es\/#\/schema\/logo\/image\/","url":"https:\/\/maxcash.com\/wp-content\/uploads\/2022\/09\/MaxCash_logo.png","contentUrl":"https:\/\/maxcash.com\/wp-content\/uploads\/2022\/09\/MaxCash_logo.png","width":4281,"height":785,"caption":"Max Cash&reg;"},"image":{"@id":"https:\/\/maxcash.com\/es\/#\/schema\/logo\/image\/"}}]}},"_links":{"self":[{"href":"https:\/\/maxcash.com\/es\/wp-json\/wp\/v2\/pages\/9634","targetHints":{"allow":["GET"]}}],"collection":[{"href":"https:\/\/maxcash.com\/es\/wp-json\/wp\/v2\/pages"}],"about":[{"href":"https:\/\/maxcash.com\/es\/wp-json\/wp\/v2\/types\/page"}],"author":[{"embeddable":true,"href":"https:\/\/maxcash.com\/es\/wp-json\/wp\/v2\/users\/1"}],"replies":[{"embeddable":true,"href":"https:\/\/maxcash.com\/es\/wp-json\/wp\/v2\/comments?post=9634"}],"version-history":[{"count":0,"href":"https:\/\/maxcash.com\/es\/wp-json\/wp\/v2\/pages\/9634\/revisions"}],"wp:featuredmedia":[{"embeddable":true,"href":"https:\/\/maxcash.com\/es\/wp-json\/wp\/v2\/media\/8495"}],"wp:attachment":[{"href":"https:\/\/maxcash.com\/es\/wp-json\/wp\/v2\/media?parent=9634"}],"curies":[{"name":"wp","href":"https:\/\/api.w.org\/{rel}","templated":true}]}}